{"id":360,"date":"2023-10-03T14:07:50","date_gmt":"2023-10-03T12:07:50","guid":{"rendered":"https:\/\/herring.torun.pl\/?page_id=360"},"modified":"2023-10-03T14:09:01","modified_gmt":"2023-10-03T12:09:01","slug":"polityka-cookies","status":"publish","type":"page","link":"https:\/\/herring.torun.pl\/?page_id=360","title":{"rendered":"Polityka cookies"},"content":{"rendered":"\t\t<div data-elementor-type=\"wp-page\" data-elementor-id=\"360\" class=\"elementor elementor-360\" data-elementor-post-type=\"page\">\n\t\t\t\t\t\t<section class=\"elementor-section elementor-top-section elementor-element elementor-element-32cbd993 elementor-section-height-min-height elementor-section-content-middle elementor-section-items-stretch elementor-section-boxed elementor-section-height-default\" data-id=\"32cbd993\" data-element_type=\"section\" data-e-type=\"section\">\n\t\t\t\t\t\t<div class=\"elementor-container elementor-column-gap-default\">\n\t\t\t\t\t<div class=\"elementor-column elementor-col-50 elementor-top-column elementor-element elementor-element-14b8177a\" data-id=\"14b8177a\" data-element_type=\"column\" data-e-type=\"column\">\n\t\t\t<div class=\"elementor-widget-wrap elementor-element-populated\">\n\t\t\t\t\t\t<div class=\"elementor-element elementor-element-4da9abfd elementor-widget elementor-widget-heading\" data-id=\"4da9abfd\" data-element_type=\"widget\" data-e-type=\"widget\" data-widget_type=\"heading.default\">\n\t\t\t\t<div class=\"elementor-widget-container\">\n\t\t\t\t\t<h1 class=\"elementor-heading-title elementor-size-default\">Polityka cookies<\/h1>\t\t\t\t<\/div>\n\t\t\t\t<\/div>\n\t\t\t\t<div class=\"elementor-element elementor-element-29c71141 elementor-icon-list--layout-inline elementor-list-item-link-full_width elementor-widget elementor-widget-icon-list\" data-id=\"29c71141\" data-element_type=\"widget\" data-e-type=\"widget\" data-widget_type=\"icon-list.default\">\n\t\t\t\t<div class=\"elementor-widget-container\">\n\t\t\t\t\t\t\t<ul class=\"elementor-icon-list-items elementor-inline-items\">\n\t\t\t\t\t\t\t<li class=\"elementor-icon-list-item elementor-inline-item\">\n\t\t\t\t\t\t\t\t\t\t<span class=\"elementor-icon-list-text\"><\/span>\n\t\t\t\t\t\t\t\t\t<\/li>\n\t\t\t\t\t\t\t\t<li class=\"elementor-icon-list-item elementor-inline-item\">\n\t\t\t\t\t\t\t\t\t\t<span class=\"elementor-icon-list-text\"><\/span>\n\t\t\t\t\t\t\t\t\t<\/li>\n\t\t\t\t\t\t\t\t<li class=\"elementor-icon-list-item elementor-inline-item\">\n\t\t\t\t\t\t\t\t\t\t<span class=\"elementor-icon-list-text\"><\/span>\n\t\t\t\t\t\t\t\t\t<\/li>\n\t\t\t\t\t\t\t\t<li class=\"elementor-icon-list-item elementor-inline-item\">\n\t\t\t\t\t\t\t\t\t\t<span class=\"elementor-icon-list-text\"><\/span>\n\t\t\t\t\t\t\t\t\t<\/li>\n\t\t\t\t\t\t\t\t<li class=\"elementor-icon-list-item elementor-inline-item\">\n\t\t\t\t\t\t\t\t\t\t<span class=\"elementor-icon-list-text\"><\/span>\n\t\t\t\t\t\t\t\t\t<\/li>\n\t\t\t\t\t\t\t\t<li class=\"elementor-icon-list-item elementor-inline-item\">\n\t\t\t\t\t\t\t\t\t\t<span class=\"elementor-icon-list-text\"><\/span>\n\t\t\t\t\t\t\t\t\t<\/li>\n\t\t\t\t\t\t<\/ul>\n\t\t\t\t\t\t<\/div>\n\t\t\t\t<\/div>\n\t\t\t\t<div class=\"elementor-element elementor-element-524778b2 elementor-widget-divider--view-line elementor-widget elementor-widget-divider\" data-id=\"524778b2\" data-element_type=\"widget\" data-e-type=\"widget\" data-widget_type=\"divider.default\">\n\t\t\t\t<div class=\"elementor-widget-container\">\n\t\t\t\t\t\t\t<div class=\"elementor-divider\">\n\t\t\t<span class=\"elementor-divider-separator\">\n\t\t\t\t\t\t<\/span>\n\t\t<\/div>\n\t\t\t\t\t\t<\/div>\n\t\t\t\t<\/div>\n\t\t\t\t\t<\/div>\n\t\t<\/div>\n\t\t\t\t<div class=\"elementor-column elementor-col-50 elementor-top-column elementor-element elementor-element-26eb03a5\" data-id=\"26eb03a5\" data-element_type=\"column\" data-e-type=\"column\">\n\t\t\t<div class=\"elementor-widget-wrap elementor-element-populated\">\n\t\t\t\t\t\t<div class=\"elementor-element elementor-element-10f9b2e3 elementor-widget elementor-widget-image\" data-id=\"10f9b2e3\" data-element_type=\"widget\" data-e-type=\"widget\" data-widget_type=\"image.default\">\n\t\t\t\t<div class=\"elementor-widget-container\">\n\t\t\t\t\t\t\t\t\t\t\t\t\t\t\t<img decoding=\"async\" width=\"100\" height=\"45\" src=\"https:\/\/herring.torun.pl\/wp-content\/uploads\/2023\/09\/fish.png\" class=\"attachment-full size-full wp-image-153\" alt=\"\" \/>\t\t\t\t\t\t\t\t\t\t\t\t\t\t\t<\/div>\n\t\t\t\t<\/div>\n\t\t\t\t\t<\/div>\n\t\t<\/div>\n\t\t\t\t\t<\/div>\n\t\t<\/section>\n\t\t\t\t<section class=\"elementor-section elementor-top-section elementor-element elementor-element-fb8fd29 elementor-section-boxed elementor-section-height-default elementor-section-height-default\" data-id=\"fb8fd29\" data-element_type=\"section\" data-e-type=\"section\">\n\t\t\t\t\t\t<div class=\"elementor-container elementor-column-gap-default\">\n\t\t\t\t\t<div class=\"elementor-column elementor-col-100 elementor-top-column elementor-element elementor-element-1da3486\" data-id=\"1da3486\" data-element_type=\"column\" data-e-type=\"column\">\n\t\t\t<div class=\"elementor-widget-wrap elementor-element-populated\">\n\t\t\t\t\t\t<div class=\"elementor-element elementor-element-0eef41e elementor-widget elementor-widget-text-editor\" data-id=\"0eef41e\" data-element_type=\"widget\" data-e-type=\"widget\" data-widget_type=\"text-editor.default\">\n\t\t\t\t<div class=\"elementor-widget-container\">\n\t\t\t\t\t\t\t\t\t<p>Poni\u017csza Polityka Cookies okre\u015bla zasady zapisywania i uzyskiwania dost\u0119pu do danych na Urz\u0105dzeniach U\u017cytkownik\u00f3w korzystaj\u0105cych z Serwisu do cel\u00f3w \u015bwiadczenia us\u0142ug drog\u0105 elektroniczn\u0105 przez Administratora Serwisu.<\/p><h3 class=\"western\" align=\"center\"><strong>\u00a71 Definicje<\/strong><\/h3><p>\u00a0<\/p><p>1.\u00a0 Serwis &#8211; serwis internetowy dzia\u0142aj\u0105cy pod adresem www.herring.torun.pl<\/p><p>2. Serwis zewn\u0119trzny &#8211; serwis internetowe partner\u00f3w, us\u0142ugodawc\u00f3w lub us\u0142ugobiorc\u00f3w Administratora<\/p><p><a name=\"title\"><\/a>3. Administrator \u2013 PPH \u201eHerring\u201d Brygida Stachniuk, prowadz\u0105ca dzia\u0142alno\u015b\u0107 pod adresem: Wielka Nieszawka, Przemys\u0142owa 23 o nadanym numerze identyfikacji podatkowej (NIP): 9560018804, \u015bwiadcz\u0105ca us\u0142ugi drog\u0105 elektroniczn\u0105 za po\u015brednictwem Serwisu oraz przechowuj\u0105ca i uzyskuj\u0105ca dost\u0119p do informacji w urz\u0105dzeniach U\u017cytkownik<\/p><p>4. U\u017cytkownik &#8211; osoba fizyczna, dla kt\u00f3rej Administrator \u015bwiadczy us\u0142ugi drog\u0105 elektroniczna za po\u015brednictwem Serwisu.<\/p><p>5. Urz\u0105dzenie &#8211; elektroniczne urz\u0105dzenie wraz z oprogramowaniem, za po\u015brednictwem, kt\u00f3rego U\u017cytkownik uzyskuje dost\u0119p do Serwis<\/p><p>6. Cookies (ciasteczka) &#8211; dane tekstowe gromadzone w formie plik\u00f3w zamieszczanych na Urz\u0105dzeniu U\u017cytkownika<\/p><p>\u00a0<\/p><h3 class=\"western\" align=\"center\"><strong>\u00a72 Rodzaje cookies<\/strong><\/h3><p>\u00a0<\/p><p>1. Cookies wewn\u0119trzne &#8211; pliki zamieszczane i odczytywane z Urz\u0105dzenia U\u017cytkownika przez system teleinformatyczny Serwisu<\/p><p>2. Cookies zewn\u0119trzne &#8211; pliki zamieszczane i odczytywane z Urz\u0105dzenia U\u017cytkownika przez systemy teleinformatyczne Serwis\u00f3w zewn\u0119trznych<\/p><p>3. Cookies sesyjne &#8211; pliki zamieszczane i odczytywane z Urz\u0105dzenia U\u017cytkownika przez Serwis\u00a0lub Serwisy zewn\u0119trzne podczas jednej sesji danego Urz\u0105dzenia. Po zako\u0144czeniu sesji pliki s\u0105 usuwane z Urz\u0105dzenia U\u017cytkownika.<\/p><p>4. Cookies trwa\u0142e &#8211; pliki zamieszczane i odczytywane z Urz\u0105dzenia U\u017cytkownika przez Serwis lub Serwisy zewn\u0119trzne\u00a0do momentu ich r\u0119cznego usuni\u0119cia. Pliki nie s\u0105 usuwane automatycznie po zako\u0144czeniu sesji Urz\u0105dzenia chyba \u017ce konfiguracja Urz\u0105dzenia U\u017cytkownika jest ustawiona na tryb usuwanie plik\u00f3w Cookie po zako\u0144czeniu sesji Urz\u0105dzenia.<\/p><p>\u00a0<\/p><h3 class=\"western\" align=\"center\"><strong>\u00a73 Bezpiecze\u0144stwo<\/strong><\/h3><p>\u00a0<\/p><p>1. Mechanizmy sk\u0142adowania i odczytu &#8211; Mechanizmy sk\u0142adowania i odczytu Cookies nie pozwalaj\u0105 na pobierania jakichkolwiek danych osobowych ani \u017cadnych informacji poufnych z Urz\u0105dzenia U\u017cytkownika. Przeniesienie na Urz\u0105dzenie U\u017cytkownika wirus\u00f3w, koni troja\u0144skich jest praktycznie niemo\u017cliwe.<\/p><p>2. Cookie wewn\u0119trzne &#8211; zastosowane przez Administratora Cookie wewn\u0119trzne s\u0105 bezpieczne dla Urz\u0105dze\u0144 U\u017cytkownik\u00f3w<\/p><p>3. Cookie zewn\u0119trzne &#8211; za bezpiecze\u0144stwo plik\u00f3w Cookie pochodz\u0105cych od partner\u00f3w Serwisu Administrator nie ponosi odpowiedzialno\u015bci. Lista partner\u00f3w zamieszczona jest w dalszej cz\u0119\u015bci Polityki Cookie.<\/p><h3 class=\"western\" align=\"center\"><strong>\u00a74\u00a0 Cele do kt\u00f3rych wykorzystywane s\u0105 pliki cookie\u00a0<\/strong><\/h3><p>\u00a0<\/p><p>1. Usprawnienie i u\u0142atwienie dost\u0119pu do Serwisu &#8211; Administrator mo\u017ce przechowywa\u0107 w plikach Cookie informacje o prefernecjach i ustawieniach u\u017cytkownika dotycz\u0105cych Serwisu aby usprawni\u0107, polepszy\u0107 i przy\u015bpieszy\u0107 \u015bwiadczenie us\u0142ug w ramach Serwisu.<\/p><p>2. Dane statystyczne\u00a0&#8211; Administrator\u00a0oraz Serwisy zewn\u0119trzne\u00a0wykorzystuje pliki Cookie do zbierania i przetwarzania danych statystycznych takich jak np. statystyki odwiedzin, statystyki Urz\u0105dze\u0144 U\u017cytkownik\u00f3w czy statystyki zachowa\u0144 u\u017cytkownik\u00f3w. Dane te zbierane s\u0105 w celu analizy i ulepszania Serwisu.<\/p><p>\u00a0<\/p><h3 class=\"western\" align=\"center\"><strong>\u00a75 Serwisy zewn\u0119trzne<\/strong><\/h3><p>\u00a0<\/p><p>Administrator wsp\u00f3\u0142pracuje z nast\u0119puj\u0105cymi serwisami zewn\u0119trznymi, kt\u00f3re mog\u0105 zamieszcza\u0107 pliki Cookie na Urz\u0105dzeniach U\u017cytkownika:<\/p><p>\u00a0<\/p><p>1. Google Analytics<\/p><p>2.\u00a0\u00a0Mo\u017cliwo\u015bci okre\u015blania warunk\u00f3w przechowywania i uzyskiwania dost\u0119pu na urz\u0105dzeniach u\u017cytkownika przez serwis\u00a0i serwisy zewn\u0119trzne<\/p><p>3. U\u017cytkownik mo\u017ce w dowolnym momencie, samodzielnie zmieni\u0107 ustawienia dotycz\u0105ce zapisywania, usuwania oraz dost\u0119pu do danych zapisanych plik\u00f3w Cookies<\/p><p>4. U\u017cytkownik mo\u017ce w dowolnym momencie usun\u0105\u0107 wszelkie zapisane do tej pory pliki Cookie korzystaj\u0105c z narz\u0119dzi Urz\u0105dzenia U\u017cytkownika za po\u015brednictwem kt\u00f3rego U\u017cytkownik korzysta z us\u0142ug Serwisu.<\/p><p>\u00a0<\/p><h3 class=\"western\" align=\"center\"><strong>\u00a76 Wymagania serwisu\u00a0<\/strong><\/h3><p>\u00a0<\/p><p>1. Ograniczenie zapisu i dost\u0119pu do plik\u00f3w Cookie na Urz\u0105dzeniu U\u017cytkownika mo\u017ce spowodowa\u0107 nieprawid\u0142owe dzia\u0142anie niekt\u00f3rych funkcji Serwisu.<\/p><p>2. Administrator nie ponosi \u017cadnej odpowiedzialno\u015bci za nieprawid\u0142owo dzia\u0142aj\u0105ce funkcje Serwisu w przypadku gdy U\u017cytkownik ograniczy w jakikolwiek spos\u00f3b mo\u017cliwo\u015b\u0107 zapisywania i odczytu plik\u00f3w Cookie.<\/p><p><br \/><br \/><\/p>\t\t\t\t\t\t\t\t<\/div>\n\t\t\t\t<\/div>\n\t\t\t\t\t<\/div>\n\t\t<\/div>\n\t\t\t\t\t<\/div>\n\t\t<\/section>\n\t\t\t\t<\/div>\n\t\t","protected":false},"excerpt":{"rendered":"<p>Polityka cookies Poni\u017csza Polityka Cookies okre\u015bla zasady zapisywania i uzyskiwania dost\u0119pu do danych na Urz\u0105dzeniach U\u017cytkownik\u00f3w korzystaj\u0105cych z Serwisu do cel\u00f3w \u015bwiadczenia us\u0142ug drog\u0105 elektroniczn\u0105 przez Administratora Serwisu. \u00a71 Definicje 1.\u00a0 Serwis &#8211; serwis internetowy dzia\u0142aj\u0105cy pod adresem www.herring.torun.pl 2. Serwis zewn\u0119trzny &#8211; serwis internetowe partner\u00f3w, us\u0142ugodawc\u00f3w lub us\u0142ugobiorc\u00f3w Administratora 3. Administrator \u2013 PPH \u201eHerring\u201d [&hellip;]<\/p>\n","protected":false},"author":1,"featured_media":0,"parent":0,"menu_order":0,"comment_status":"closed","ping_status":"closed","template":"","meta":{"footnotes":""},"class_list":["post-360","page","type-page","status-publish","hentry","entry"],"yoast_head":"<!-- This site is optimized with the Yoast SEO plugin v21.1 - https:\/\/yoast.com\/wordpress\/plugins\/seo\/ -->\n<title>Polityka cookies - P.P.H. Herring Brygida Stachniuk<\/title>\n<meta name=\"robots\" content=\"index, follow, max-snippet:-1, max-image-preview:large, max-video-preview:-1\" \/>\n<link rel=\"canonical\" href=\"https:\/\/herring.torun.pl\/?page_id=360\" \/>\n<meta property=\"og:locale\" content=\"en_US\" \/>\n<meta property=\"og:type\" content=\"article\" \/>\n<meta property=\"og:title\" content=\"Polityka cookies - P.P.H. Herring Brygida Stachniuk\" \/>\n<meta property=\"og:description\" content=\"Polityka cookies Poni\u017csza Polityka Cookies okre\u015bla zasady zapisywania i uzyskiwania dost\u0119pu do danych na Urz\u0105dzeniach U\u017cytkownik\u00f3w korzystaj\u0105cych z Serwisu do cel\u00f3w \u015bwiadczenia us\u0142ug drog\u0105 elektroniczn\u0105 przez Administratora Serwisu. \u00a71 Definicje 1.\u00a0 Serwis &#8211; serwis internetowy dzia\u0142aj\u0105cy pod adresem www.herring.torun.pl 2. Serwis zewn\u0119trzny &#8211; serwis internetowe partner\u00f3w, us\u0142ugodawc\u00f3w lub us\u0142ugobiorc\u00f3w Administratora 3. Administrator \u2013 PPH \u201eHerring\u201d [&hellip;]\" \/>\n<meta property=\"og:url\" content=\"https:\/\/herring.torun.pl\/?page_id=360\" \/>\n<meta property=\"og:site_name\" content=\"P.P.H. Herring Brygida Stachniuk\" \/>\n<meta property=\"article:modified_time\" content=\"2023-10-03T12:09:01+00:00\" \/>\n<meta property=\"og:image\" content=\"https:\/\/herring.torun.pl\/wp-content\/uploads\/2023\/09\/fish.png\" \/>\n<meta name=\"twitter:card\" content=\"summary_large_image\" \/>\n<meta name=\"twitter:label1\" content=\"Est. reading time\" \/>\n\t<meta name=\"twitter:data1\" content=\"4 minutes\" \/>\n<script type=\"application\/ld+json\" class=\"yoast-schema-graph\">{\"@context\":\"https:\/\/schema.org\",\"@graph\":[{\"@type\":\"WebPage\",\"@id\":\"https:\/\/herring.torun.pl\/?page_id=360\",\"url\":\"https:\/\/herring.torun.pl\/?page_id=360\",\"name\":\"Polityka cookies - P.P.H. Herring Brygida Stachniuk\",\"isPartOf\":{\"@id\":\"https:\/\/herring.torun.pl\/#website\"},\"datePublished\":\"2023-10-03T12:07:50+00:00\",\"dateModified\":\"2023-10-03T12:09:01+00:00\",\"breadcrumb\":{\"@id\":\"https:\/\/herring.torun.pl\/?page_id=360#breadcrumb\"},\"inLanguage\":\"en-US\",\"potentialAction\":[{\"@type\":\"ReadAction\",\"target\":[\"https:\/\/herring.torun.pl\/?page_id=360\"]}]},{\"@type\":\"BreadcrumbList\",\"@id\":\"https:\/\/herring.torun.pl\/?page_id=360#breadcrumb\",\"itemListElement\":[{\"@type\":\"ListItem\",\"position\":1,\"name\":\"Home\",\"item\":\"https:\/\/herring.torun.pl\/\"},{\"@type\":\"ListItem\",\"position\":2,\"name\":\"Polityka cookies\"}]},{\"@type\":\"WebSite\",\"@id\":\"https:\/\/herring.torun.pl\/#website\",\"url\":\"https:\/\/herring.torun.pl\/\",\"name\":\"P.P.H. Herring Brygida Stachniuk\",\"description\":\"Pokochaj \u015bledzia\",\"publisher\":{\"@id\":\"https:\/\/herring.torun.pl\/#organization\"},\"potentialAction\":[{\"@type\":\"SearchAction\",\"target\":{\"@type\":\"EntryPoint\",\"urlTemplate\":\"https:\/\/herring.torun.pl\/?s={search_term_string}\"},\"query-input\":\"required name=search_term_string\"}],\"inLanguage\":\"en-US\"},{\"@type\":\"Organization\",\"@id\":\"https:\/\/herring.torun.pl\/#organization\",\"name\":\"P.P.H. Herring Brygida Stachniuk\",\"url\":\"https:\/\/herring.torun.pl\/\",\"logo\":{\"@type\":\"ImageObject\",\"inLanguage\":\"en-US\",\"@id\":\"https:\/\/herring.torun.pl\/#\/schema\/logo\/image\/\",\"url\":\"https:\/\/herring.torun.pl\/wp-content\/uploads\/2023\/09\/logo-1.png\",\"contentUrl\":\"https:\/\/herring.torun.pl\/wp-content\/uploads\/2023\/09\/logo-1.png\",\"width\":147,\"height\":150,\"caption\":\"P.P.H. Herring Brygida Stachniuk\"},\"image\":{\"@id\":\"https:\/\/herring.torun.pl\/#\/schema\/logo\/image\/\"}}]}<\/script>\n<!-- \/ Yoast SEO plugin. -->","yoast_head_json":{"title":"Polityka cookies - P.P.H. Herring Brygida Stachniuk","robots":{"index":"index","follow":"follow","max-snippet":"max-snippet:-1","max-image-preview":"max-image-preview:large","max-video-preview":"max-video-preview:-1"},"canonical":"https:\/\/herring.torun.pl\/?page_id=360","og_locale":"en_US","og_type":"article","og_title":"Polityka cookies - P.P.H. Herring Brygida Stachniuk","og_description":"Polityka cookies Poni\u017csza Polityka Cookies okre\u015bla zasady zapisywania i uzyskiwania dost\u0119pu do danych na Urz\u0105dzeniach U\u017cytkownik\u00f3w korzystaj\u0105cych z Serwisu do cel\u00f3w \u015bwiadczenia us\u0142ug drog\u0105 elektroniczn\u0105 przez Administratora Serwisu. \u00a71 Definicje 1.\u00a0 Serwis &#8211; serwis internetowy dzia\u0142aj\u0105cy pod adresem www.herring.torun.pl 2. Serwis zewn\u0119trzny &#8211; serwis internetowe partner\u00f3w, us\u0142ugodawc\u00f3w lub us\u0142ugobiorc\u00f3w Administratora 3. Administrator \u2013 PPH \u201eHerring\u201d [&hellip;]","og_url":"https:\/\/herring.torun.pl\/?page_id=360","og_site_name":"P.P.H. Herring Brygida Stachniuk","article_modified_time":"2023-10-03T12:09:01+00:00","og_image":[{"url":"https:\/\/herring.torun.pl\/wp-content\/uploads\/2023\/09\/fish.png"}],"twitter_card":"summary_large_image","twitter_misc":{"Est. reading time":"4 minutes"},"schema":{"@context":"https:\/\/schema.org","@graph":[{"@type":"WebPage","@id":"https:\/\/herring.torun.pl\/?page_id=360","url":"https:\/\/herring.torun.pl\/?page_id=360","name":"Polityka cookies - P.P.H. Herring Brygida Stachniuk","isPartOf":{"@id":"https:\/\/herring.torun.pl\/#website"},"datePublished":"2023-10-03T12:07:50+00:00","dateModified":"2023-10-03T12:09:01+00:00","breadcrumb":{"@id":"https:\/\/herring.torun.pl\/?page_id=360#breadcrumb"},"inLanguage":"en-US","potentialAction":[{"@type":"ReadAction","target":["https:\/\/herring.torun.pl\/?page_id=360"]}]},{"@type":"BreadcrumbList","@id":"https:\/\/herring.torun.pl\/?page_id=360#breadcrumb","itemListElement":[{"@type":"ListItem","position":1,"name":"Home","item":"https:\/\/herring.torun.pl\/"},{"@type":"ListItem","position":2,"name":"Polityka cookies"}]},{"@type":"WebSite","@id":"https:\/\/herring.torun.pl\/#website","url":"https:\/\/herring.torun.pl\/","name":"P.P.H. Herring Brygida Stachniuk","description":"Pokochaj \u015bledzia","publisher":{"@id":"https:\/\/herring.torun.pl\/#organization"},"potentialAction":[{"@type":"SearchAction","target":{"@type":"EntryPoint","urlTemplate":"https:\/\/herring.torun.pl\/?s={search_term_string}"},"query-input":"required name=search_term_string"}],"inLanguage":"en-US"},{"@type":"Organization","@id":"https:\/\/herring.torun.pl\/#organization","name":"P.P.H. Herring Brygida Stachniuk","url":"https:\/\/herring.torun.pl\/","logo":{"@type":"ImageObject","inLanguage":"en-US","@id":"https:\/\/herring.torun.pl\/#\/schema\/logo\/image\/","url":"https:\/\/herring.torun.pl\/wp-content\/uploads\/2023\/09\/logo-1.png","contentUrl":"https:\/\/herring.torun.pl\/wp-content\/uploads\/2023\/09\/logo-1.png","width":147,"height":150,"caption":"P.P.H. Herring Brygida Stachniuk"},"image":{"@id":"https:\/\/herring.torun.pl\/#\/schema\/logo\/image\/"}}]}},"_links":{"self":[{"href":"https:\/\/herring.torun.pl\/index.php?rest_route=\/wp\/v2\/pages\/360","targetHints":{"allow":["GET"]}}],"collection":[{"href":"https:\/\/herring.torun.pl\/index.php?rest_route=\/wp\/v2\/pages"}],"about":[{"href":"https:\/\/herring.torun.pl\/index.php?rest_route=\/wp\/v2\/types\/page"}],"author":[{"embeddable":true,"href":"https:\/\/herring.torun.pl\/index.php?rest_route=\/wp\/v2\/users\/1"}],"replies":[{"embeddable":true,"href":"https:\/\/herring.torun.pl\/index.php?rest_route=%2Fwp%2Fv2%2Fcomments&post=360"}],"version-history":[{"count":5,"href":"https:\/\/herring.torun.pl\/index.php?rest_route=\/wp\/v2\/pages\/360\/revisions"}],"predecessor-version":[{"id":365,"href":"https:\/\/herring.torun.pl\/index.php?rest_route=\/wp\/v2\/pages\/360\/revisions\/365"}],"wp:attachment":[{"href":"https:\/\/herring.torun.pl\/index.php?rest_route=%2Fwp%2Fv2%2Fmedia&parent=360"}],"curies":[{"name":"wp","href":"https:\/\/api.w.org\/{rel}","templated":true}]}}