{"id":355,"date":"2023-10-03T14:00:18","date_gmt":"2023-10-03T12:00:18","guid":{"rendered":"https:\/\/herring.torun.pl\/?page_id=355"},"modified":"2023-10-03T14:03:02","modified_gmt":"2023-10-03T12:03:02","slug":"polityka-prywatnosci","status":"publish","type":"page","link":"https:\/\/herring.torun.pl\/?page_id=355","title":{"rendered":"Polityka prywatno\u015bci"},"content":{"rendered":"\t\t<div data-elementor-type=\"wp-page\" data-elementor-id=\"355\" class=\"elementor elementor-355\" data-elementor-post-type=\"page\">\n\t\t\t\t\t\t<section class=\"elementor-section elementor-top-section elementor-element elementor-element-3a2235d5 elementor-section-height-min-height elementor-section-content-middle elementor-section-items-stretch elementor-section-boxed elementor-section-height-default\" data-id=\"3a2235d5\" data-element_type=\"section\" data-e-type=\"section\">\n\t\t\t\t\t\t<div class=\"elementor-container elementor-column-gap-default\">\n\t\t\t\t\t<div class=\"elementor-column elementor-col-50 elementor-top-column elementor-element elementor-element-5ec7e1bb\" data-id=\"5ec7e1bb\" data-element_type=\"column\" data-e-type=\"column\">\n\t\t\t<div class=\"elementor-widget-wrap elementor-element-populated\">\n\t\t\t\t\t\t<div class=\"elementor-element elementor-element-57d001a6 elementor-widget elementor-widget-heading\" data-id=\"57d001a6\" data-element_type=\"widget\" data-e-type=\"widget\" data-widget_type=\"heading.default\">\n\t\t\t\t<div class=\"elementor-widget-container\">\n\t\t\t\t\t<h1 class=\"elementor-heading-title elementor-size-default\">Polityka PRYwatno\u015bci<\/h1>\t\t\t\t<\/div>\n\t\t\t\t<\/div>\n\t\t\t\t<div class=\"elementor-element elementor-element-17ed1673 elementor-icon-list--layout-inline elementor-list-item-link-full_width elementor-widget elementor-widget-icon-list\" data-id=\"17ed1673\" data-element_type=\"widget\" data-e-type=\"widget\" data-widget_type=\"icon-list.default\">\n\t\t\t\t<div class=\"elementor-widget-container\">\n\t\t\t\t\t\t\t<ul class=\"elementor-icon-list-items elementor-inline-items\">\n\t\t\t\t\t\t\t<li class=\"elementor-icon-list-item elementor-inline-item\">\n\t\t\t\t\t\t\t\t\t\t<span class=\"elementor-icon-list-text\"><\/span>\n\t\t\t\t\t\t\t\t\t<\/li>\n\t\t\t\t\t\t\t\t<li class=\"elementor-icon-list-item elementor-inline-item\">\n\t\t\t\t\t\t\t\t\t\t<span class=\"elementor-icon-list-text\"><\/span>\n\t\t\t\t\t\t\t\t\t<\/li>\n\t\t\t\t\t\t\t\t<li class=\"elementor-icon-list-item elementor-inline-item\">\n\t\t\t\t\t\t\t\t\t\t<span class=\"elementor-icon-list-text\"><\/span>\n\t\t\t\t\t\t\t\t\t<\/li>\n\t\t\t\t\t\t\t\t<li class=\"elementor-icon-list-item elementor-inline-item\">\n\t\t\t\t\t\t\t\t\t\t<span class=\"elementor-icon-list-text\"><\/span>\n\t\t\t\t\t\t\t\t\t<\/li>\n\t\t\t\t\t\t\t\t<li class=\"elementor-icon-list-item elementor-inline-item\">\n\t\t\t\t\t\t\t\t\t\t<span class=\"elementor-icon-list-text\"><\/span>\n\t\t\t\t\t\t\t\t\t<\/li>\n\t\t\t\t\t\t\t\t<li class=\"elementor-icon-list-item elementor-inline-item\">\n\t\t\t\t\t\t\t\t\t\t<span class=\"elementor-icon-list-text\"><\/span>\n\t\t\t\t\t\t\t\t\t<\/li>\n\t\t\t\t\t\t<\/ul>\n\t\t\t\t\t\t<\/div>\n\t\t\t\t<\/div>\n\t\t\t\t<div class=\"elementor-element elementor-element-fbf540c elementor-widget-divider--view-line elementor-widget elementor-widget-divider\" data-id=\"fbf540c\" data-element_type=\"widget\" data-e-type=\"widget\" data-widget_type=\"divider.default\">\n\t\t\t\t<div class=\"elementor-widget-container\">\n\t\t\t\t\t\t\t<div class=\"elementor-divider\">\n\t\t\t<span class=\"elementor-divider-separator\">\n\t\t\t\t\t\t<\/span>\n\t\t<\/div>\n\t\t\t\t\t\t<\/div>\n\t\t\t\t<\/div>\n\t\t\t\t\t<\/div>\n\t\t<\/div>\n\t\t\t\t<div class=\"elementor-column elementor-col-50 elementor-top-column elementor-element elementor-element-79e6986\" data-id=\"79e6986\" data-element_type=\"column\" data-e-type=\"column\">\n\t\t\t<div class=\"elementor-widget-wrap elementor-element-populated\">\n\t\t\t\t\t\t<div class=\"elementor-element elementor-element-355c4963 elementor-widget elementor-widget-image\" data-id=\"355c4963\" data-element_type=\"widget\" data-e-type=\"widget\" data-widget_type=\"image.default\">\n\t\t\t\t<div class=\"elementor-widget-container\">\n\t\t\t\t\t\t\t\t\t\t\t\t\t\t\t<img decoding=\"async\" width=\"100\" height=\"45\" src=\"https:\/\/herring.torun.pl\/wp-content\/uploads\/2023\/09\/fish.png\" class=\"attachment-full size-full wp-image-153\" alt=\"\" \/>\t\t\t\t\t\t\t\t\t\t\t\t\t\t\t<\/div>\n\t\t\t\t<\/div>\n\t\t\t\t\t<\/div>\n\t\t<\/div>\n\t\t\t\t\t<\/div>\n\t\t<\/section>\n\t\t\t\t<section class=\"elementor-section elementor-top-section elementor-element elementor-element-5215757 elementor-section-boxed elementor-section-height-default elementor-section-height-default\" data-id=\"5215757\" data-element_type=\"section\" data-e-type=\"section\">\n\t\t\t\t\t\t<div class=\"elementor-container elementor-column-gap-default\">\n\t\t\t\t\t<div class=\"elementor-column elementor-col-100 elementor-top-column elementor-element elementor-element-cbb4a26\" data-id=\"cbb4a26\" data-element_type=\"column\" data-e-type=\"column\">\n\t\t\t<div class=\"elementor-widget-wrap elementor-element-populated\">\n\t\t\t\t\t\t<div class=\"elementor-element elementor-element-f2c4bad elementor-widget elementor-widget-text-editor\" data-id=\"f2c4bad\" data-element_type=\"widget\" data-e-type=\"widget\" data-widget_type=\"text-editor.default\">\n\t\t\t\t<div class=\"elementor-widget-container\">\n\t\t\t\t\t\t\t\t\t<p align=\"center\"><strong>1. Informacje og\u00f3lne<\/strong><\/p><p align=\"left\"><br \/>1.\u00a0 Niniejsza polityka dotyczy Serwisu www.herring.torun.pl<\/p><p>2.\u00a0 Dbaj\u0105c o najwy\u017csz\u0105 jako\u015b\u0107 procesu przetwarzania danych osobowych oraz zgodno\u015b\u0107 z aktualnym stanem prawnym informujemy, \u017ce Administratorem Danych Osobowych jest PPH \u201eHerring\u201d Brygida Stachniuk<\/p><p>3.\u00a0 Adres kontaktowy poczty elektronicznej operatora: sekretariat@herring.torun.pl<\/p><p>4.\u00a0 Operator jest Administratorem Twoich danych osobowych w odniesieniu do danych podanych dobrowolnie w Serwisie.<\/p><p>5.\u00a0 Serwis wykorzystuje dane osobowe w nast\u0119puj\u0105cych celach:<\/p><ol type=\"a\"><li><p>\u00a0Prowadzenie newslettera<\/p><\/li><\/ol><p>6.\u00a0 Serwis realizuje funkcje pozyskiwania informacji o u\u017cytkownikach i ich zachowaniu w nast\u0119puj\u0105cy spos\u00f3b:<\/p><ol type=\"a\"><li><p>Poprzez dobrowolnie wprowadzone w formularzach dane, kt\u00f3re zostaj\u0105 wprowadzone do system\u00f3w Operatora.<\/p><\/li><li><p>Poprzez zapisywanie w urz\u0105dzeniach ko\u0144cowych plik\u00f3w cookie (tzw. \u201eciasteczka\u201d).<\/p><\/li><\/ol><p>7.\u00a0 Kontaktu za po\u015brednictwem e-maila oznacza przetwarzanie danych w postacie adresu mailowego i ewentualnych danych podanych w tre\u015bci maila w celach odpowiedzi na pytania. Dane pozyskane drog\u0105 mailow\u0105 s\u0105 okresowo usuwane chyba \u017ce ich przechowywanie wynika z przepis\u00f3w prawa.<\/p><p>\u00a0<\/p><h3 class=\"western\" align=\"center\"><strong>2. Wybrane metody ochrony danych stosowane przez Operatora:\u00a0<\/strong><\/h3><p>\u00a0<\/p><p>1. Operator okresowo zmienia swoje has\u0142a administracyjne.<\/p><p>2. Istotnym elementem ochrony danych jest regularna aktualizacja wszelkiego oprogramowania, wykorzystywanego przez Operatora do przetwarzania danych osobowych, co w szczeg\u00f3lno\u015bci oznacza regularne aktualizacje komponent\u00f3w programistycznych.<\/p><p>\u00a0<\/p><h3 class=\"western\" align=\"center\"><strong>3. Hosting<\/strong><\/h3><p>\u00a0<\/p><p>1.\u00a0 Serwis jest technicznie utrzymywany na serwerach operatora: Home.pl<\/p><h3 class=\"western\">\u00a0<\/h3><h3 class=\"western\" align=\"center\"><strong>4. Twoje prawa i dodatkowe informacje o sposobie wykorzystania danych<\/strong><\/h3><p>\u00a0<\/p><p>1. Dane osobowe b\u0119d\u0105 przetwarzane na podstawie art. 6 ust.1\u00a0 lit a) og\u00f3lnego rozporz\u0105dzenie o ochronie danych osobowych\u00a0 z 27 kwietnia 2016 r. (RODO) w celach marketingowych. Po wyra\u017ceniu odr\u0119bnej zgody, dane mog\u0105 by\u0107 przetwarzane r\u00f3wnie\u017c w celu przesy\u0142ania informacji handlowych drog\u0105 elektroniczn\u0105 lub wykonywania telefonicznych po\u0142\u0105cze\u0144 w celach marketingowych \u2013 odpowiednio w zwi\u0105zku z art. 10 ust. 2 Ustawy z dnia 18 lipca 2002 roku o \u015bwiadczeniu us\u0142ug drog\u0105 elektroniczn\u0105 lub art. 172 ust. 1 Ustawy z dnia 16 lipca 2004 roku \u2013 Prawo Telekomunikacyjne.<\/p><p>2. Administrator danych nie udost\u0119pnia danych do\u00a0 ani ich nie przekazuje do pa\u0144stwa trzeciego\/organizacji mi\u0119dzynarodowej.\u00a0 Dane osobowe przetwarzane w celach marketingowych obj\u0119tych o\u015bwiadczeniem zgody b\u0119d\u0105 przetwarzane do czasu jej odwo\u0142ania.<\/p><p>3. Osoba, kt\u00f3rej dane dotycz\u0105 ma prawo dost\u0119pu do tre\u015bci swoich danych osobowych oraz prawo ich sprostowania, usuni\u0119cia, ograniczenia przetwarzania, prawo do przenoszenia danych, prawo wniesienia sprzeciwu, prawo do cofni\u0119cia zgody w dowolnym momencie bez wp\u0142ywu na zgodno\u015b\u0107 z prawem przetwarzania, kt\u00f3rego dokonano na podstawie zgody przed jej cofni\u0119ciem.<\/p><p>4. W przypadku stwierdzenia, \u017ce przetwarzanie danych osobowych narusza przepisy RODO, osoba kt\u00f3rej dane dotycz\u0105 ma prawo wnie\u015b\u0107 skarg\u0119 do organu nadzorczego\u00a0 Urz\u0119du\u00a0 \u00a0 Ochrony Danych Osobowych.<\/p><p>5. Podanie danych osobowych jest dobrowolne.<\/p><h3 class=\"western\" align=\"center\"><strong>5. Istotne techniki marketingowe<\/strong><\/h3><p>\u00a0<\/p><p>1. Operator stosuje analiz\u0119 statystyczn\u0105 ruchu na stronie, poprzez Google Analytics (Google Inc. z siedzib\u0105 w USA). Operator nie przekazuje do operatora tej us\u0142ugi danych osobowych, a jedynie zanonimizowane informacje. Us\u0142uga bazuje na wykorzystaniu ciasteczek w urz\u0105dzeniu ko\u0144cowym u\u017cytkownika. W zakresie informacji o preferencjach u\u017cytkownika gromadzonych przez sie\u0107 reklamow\u0105 Google u\u017cytkownik mo\u017ce przegl\u0105da\u0107 i edytowa\u0107 informacje wynikaj\u0105ce z plik\u00f3w cookies przy pomocy narz\u0119dzia: https:\/\/www.google.com\/ads\/preferences\/<\/p>\t\t\t\t\t\t\t\t<\/div>\n\t\t\t\t<\/div>\n\t\t\t\t\t<\/div>\n\t\t<\/div>\n\t\t\t\t\t<\/div>\n\t\t<\/section>\n\t\t\t\t<\/div>\n\t\t","protected":false},"excerpt":{"rendered":"<p>Polityka PRYwatno\u015bci 1. Informacje og\u00f3lne 1.\u00a0 Niniejsza polityka dotyczy Serwisu www.herring.torun.pl 2.\u00a0 Dbaj\u0105c o najwy\u017csz\u0105 jako\u015b\u0107 procesu przetwarzania danych osobowych oraz zgodno\u015b\u0107 z aktualnym stanem prawnym informujemy, \u017ce Administratorem Danych Osobowych jest PPH \u201eHerring\u201d Brygida Stachniuk 3.\u00a0 Adres kontaktowy poczty elektronicznej operatora: sekretariat@herring.torun.pl 4.\u00a0 Operator jest Administratorem Twoich danych osobowych w odniesieniu do danych podanych [&hellip;]<\/p>\n","protected":false},"author":1,"featured_media":0,"parent":0,"menu_order":0,"comment_status":"closed","ping_status":"closed","template":"","meta":{"footnotes":""},"class_list":["post-355","page","type-page","status-publish","hentry","entry"],"yoast_head":"<!-- This site is optimized with the Yoast SEO plugin v21.1 - https:\/\/yoast.com\/wordpress\/plugins\/seo\/ -->\n<title>Polityka prywatno\u015bci - P.P.H. Herring Brygida Stachniuk<\/title>\n<meta name=\"robots\" content=\"index, follow, max-snippet:-1, max-image-preview:large, max-video-preview:-1\" \/>\n<link rel=\"canonical\" href=\"https:\/\/herring.torun.pl\/?page_id=355\" \/>\n<meta property=\"og:locale\" content=\"en_US\" \/>\n<meta property=\"og:type\" content=\"article\" \/>\n<meta property=\"og:title\" content=\"Polityka prywatno\u015bci - P.P.H. Herring Brygida Stachniuk\" \/>\n<meta property=\"og:description\" content=\"Polityka PRYwatno\u015bci 1. Informacje og\u00f3lne 1.\u00a0 Niniejsza polityka dotyczy Serwisu www.herring.torun.pl 2.\u00a0 Dbaj\u0105c o najwy\u017csz\u0105 jako\u015b\u0107 procesu przetwarzania danych osobowych oraz zgodno\u015b\u0107 z aktualnym stanem prawnym informujemy, \u017ce Administratorem Danych Osobowych jest PPH \u201eHerring\u201d Brygida Stachniuk 3.\u00a0 Adres kontaktowy poczty elektronicznej operatora: sekretariat@herring.torun.pl 4.\u00a0 Operator jest Administratorem Twoich danych osobowych w odniesieniu do danych podanych [&hellip;]\" \/>\n<meta property=\"og:url\" content=\"https:\/\/herring.torun.pl\/?page_id=355\" \/>\n<meta property=\"og:site_name\" content=\"P.P.H. Herring Brygida Stachniuk\" \/>\n<meta property=\"article:modified_time\" content=\"2023-10-03T12:03:02+00:00\" \/>\n<meta property=\"og:image\" content=\"https:\/\/herring.torun.pl\/wp-content\/uploads\/2023\/09\/fish.png\" \/>\n<meta name=\"twitter:card\" content=\"summary_large_image\" \/>\n<meta name=\"twitter:label1\" content=\"Est. reading time\" \/>\n\t<meta name=\"twitter:data1\" content=\"4 minutes\" \/>\n<script type=\"application\/ld+json\" class=\"yoast-schema-graph\">{\"@context\":\"https:\/\/schema.org\",\"@graph\":[{\"@type\":\"WebPage\",\"@id\":\"https:\/\/herring.torun.pl\/?page_id=355\",\"url\":\"https:\/\/herring.torun.pl\/?page_id=355\",\"name\":\"Polityka prywatno\u015bci - P.P.H. Herring Brygida Stachniuk\",\"isPartOf\":{\"@id\":\"https:\/\/herring.torun.pl\/#website\"},\"datePublished\":\"2023-10-03T12:00:18+00:00\",\"dateModified\":\"2023-10-03T12:03:02+00:00\",\"breadcrumb\":{\"@id\":\"https:\/\/herring.torun.pl\/?page_id=355#breadcrumb\"},\"inLanguage\":\"en-US\",\"potentialAction\":[{\"@type\":\"ReadAction\",\"target\":[\"https:\/\/herring.torun.pl\/?page_id=355\"]}]},{\"@type\":\"BreadcrumbList\",\"@id\":\"https:\/\/herring.torun.pl\/?page_id=355#breadcrumb\",\"itemListElement\":[{\"@type\":\"ListItem\",\"position\":1,\"name\":\"Home\",\"item\":\"https:\/\/herring.torun.pl\/\"},{\"@type\":\"ListItem\",\"position\":2,\"name\":\"Polityka prywatno\u015bci\"}]},{\"@type\":\"WebSite\",\"@id\":\"https:\/\/herring.torun.pl\/#website\",\"url\":\"https:\/\/herring.torun.pl\/\",\"name\":\"P.P.H. Herring Brygida Stachniuk\",\"description\":\"Pokochaj \u015bledzia\",\"publisher\":{\"@id\":\"https:\/\/herring.torun.pl\/#organization\"},\"potentialAction\":[{\"@type\":\"SearchAction\",\"target\":{\"@type\":\"EntryPoint\",\"urlTemplate\":\"https:\/\/herring.torun.pl\/?s={search_term_string}\"},\"query-input\":\"required name=search_term_string\"}],\"inLanguage\":\"en-US\"},{\"@type\":\"Organization\",\"@id\":\"https:\/\/herring.torun.pl\/#organization\",\"name\":\"P.P.H. Herring Brygida Stachniuk\",\"url\":\"https:\/\/herring.torun.pl\/\",\"logo\":{\"@type\":\"ImageObject\",\"inLanguage\":\"en-US\",\"@id\":\"https:\/\/herring.torun.pl\/#\/schema\/logo\/image\/\",\"url\":\"https:\/\/herring.torun.pl\/wp-content\/uploads\/2023\/09\/logo-1.png\",\"contentUrl\":\"https:\/\/herring.torun.pl\/wp-content\/uploads\/2023\/09\/logo-1.png\",\"width\":147,\"height\":150,\"caption\":\"P.P.H. Herring Brygida Stachniuk\"},\"image\":{\"@id\":\"https:\/\/herring.torun.pl\/#\/schema\/logo\/image\/\"}}]}<\/script>\n<!-- \/ Yoast SEO plugin. -->","yoast_head_json":{"title":"Polityka prywatno\u015bci - P.P.H. Herring Brygida Stachniuk","robots":{"index":"index","follow":"follow","max-snippet":"max-snippet:-1","max-image-preview":"max-image-preview:large","max-video-preview":"max-video-preview:-1"},"canonical":"https:\/\/herring.torun.pl\/?page_id=355","og_locale":"en_US","og_type":"article","og_title":"Polityka prywatno\u015bci - P.P.H. Herring Brygida Stachniuk","og_description":"Polityka PRYwatno\u015bci 1. Informacje og\u00f3lne 1.\u00a0 Niniejsza polityka dotyczy Serwisu www.herring.torun.pl 2.\u00a0 Dbaj\u0105c o najwy\u017csz\u0105 jako\u015b\u0107 procesu przetwarzania danych osobowych oraz zgodno\u015b\u0107 z aktualnym stanem prawnym informujemy, \u017ce Administratorem Danych Osobowych jest PPH \u201eHerring\u201d Brygida Stachniuk 3.\u00a0 Adres kontaktowy poczty elektronicznej operatora: sekretariat@herring.torun.pl 4.\u00a0 Operator jest Administratorem Twoich danych osobowych w odniesieniu do danych podanych [&hellip;]","og_url":"https:\/\/herring.torun.pl\/?page_id=355","og_site_name":"P.P.H. Herring Brygida Stachniuk","article_modified_time":"2023-10-03T12:03:02+00:00","og_image":[{"url":"https:\/\/herring.torun.pl\/wp-content\/uploads\/2023\/09\/fish.png"}],"twitter_card":"summary_large_image","twitter_misc":{"Est. reading time":"4 minutes"},"schema":{"@context":"https:\/\/schema.org","@graph":[{"@type":"WebPage","@id":"https:\/\/herring.torun.pl\/?page_id=355","url":"https:\/\/herring.torun.pl\/?page_id=355","name":"Polityka prywatno\u015bci - P.P.H. Herring Brygida Stachniuk","isPartOf":{"@id":"https:\/\/herring.torun.pl\/#website"},"datePublished":"2023-10-03T12:00:18+00:00","dateModified":"2023-10-03T12:03:02+00:00","breadcrumb":{"@id":"https:\/\/herring.torun.pl\/?page_id=355#breadcrumb"},"inLanguage":"en-US","potentialAction":[{"@type":"ReadAction","target":["https:\/\/herring.torun.pl\/?page_id=355"]}]},{"@type":"BreadcrumbList","@id":"https:\/\/herring.torun.pl\/?page_id=355#breadcrumb","itemListElement":[{"@type":"ListItem","position":1,"name":"Home","item":"https:\/\/herring.torun.pl\/"},{"@type":"ListItem","position":2,"name":"Polityka prywatno\u015bci"}]},{"@type":"WebSite","@id":"https:\/\/herring.torun.pl\/#website","url":"https:\/\/herring.torun.pl\/","name":"P.P.H. Herring Brygida Stachniuk","description":"Pokochaj \u015bledzia","publisher":{"@id":"https:\/\/herring.torun.pl\/#organization"},"potentialAction":[{"@type":"SearchAction","target":{"@type":"EntryPoint","urlTemplate":"https:\/\/herring.torun.pl\/?s={search_term_string}"},"query-input":"required name=search_term_string"}],"inLanguage":"en-US"},{"@type":"Organization","@id":"https:\/\/herring.torun.pl\/#organization","name":"P.P.H. Herring Brygida Stachniuk","url":"https:\/\/herring.torun.pl\/","logo":{"@type":"ImageObject","inLanguage":"en-US","@id":"https:\/\/herring.torun.pl\/#\/schema\/logo\/image\/","url":"https:\/\/herring.torun.pl\/wp-content\/uploads\/2023\/09\/logo-1.png","contentUrl":"https:\/\/herring.torun.pl\/wp-content\/uploads\/2023\/09\/logo-1.png","width":147,"height":150,"caption":"P.P.H. Herring Brygida Stachniuk"},"image":{"@id":"https:\/\/herring.torun.pl\/#\/schema\/logo\/image\/"}}]}},"_links":{"self":[{"href":"https:\/\/herring.torun.pl\/index.php?rest_route=\/wp\/v2\/pages\/355","targetHints":{"allow":["GET"]}}],"collection":[{"href":"https:\/\/herring.torun.pl\/index.php?rest_route=\/wp\/v2\/pages"}],"about":[{"href":"https:\/\/herring.torun.pl\/index.php?rest_route=\/wp\/v2\/types\/page"}],"author":[{"embeddable":true,"href":"https:\/\/herring.torun.pl\/index.php?rest_route=\/wp\/v2\/users\/1"}],"replies":[{"embeddable":true,"href":"https:\/\/herring.torun.pl\/index.php?rest_route=%2Fwp%2Fv2%2Fcomments&post=355"}],"version-history":[{"count":4,"href":"https:\/\/herring.torun.pl\/index.php?rest_route=\/wp\/v2\/pages\/355\/revisions"}],"predecessor-version":[{"id":359,"href":"https:\/\/herring.torun.pl\/index.php?rest_route=\/wp\/v2\/pages\/355\/revisions\/359"}],"wp:attachment":[{"href":"https:\/\/herring.torun.pl\/index.php?rest_route=%2Fwp%2Fv2%2Fmedia&parent=355"}],"curies":[{"name":"wp","href":"https:\/\/api.w.org\/{rel}","templated":true}]}}